{"id":3,"date":"2022-01-03T15:02:49","date_gmt":"2022-01-03T14:02:49","guid":{"rendered":"http:\/\/movo.sebastianplatz.de\/?page_id=3"},"modified":"2024-06-30T21:49:16","modified_gmt":"2024-06-30T19:49:16","slug":"datenschutzerklaerung","status":"publish","type":"page","link":"https:\/\/modern-voices.de\/index.php\/datenschutzerklaerung\/","title":{"rendered":"Datenschutzerkl\u00e4rung"},"content":{"rendered":"\n<h1 class=\"wp-block-heading\">Datenschutzerkl\u00e4rung der Concordia Neidenstein 1862 e.V.<\/h1>\n\n\n\n<p>Wir freuen uns \u00fcber Ihren \/ Euren Besuch auf unserer Internetseite und \u00fcber Ihr \/ Euer Interesse an unserem Verein. Damit wir alle daran Spa\u00df haben, strebt die Vorstandschaft einen rechtskonformen Ansatz an, der nur wirksam wir wenn sich alle Nutzer dieser Wen Site an Spielregeln halten.<\/p>\n\n\n\n<p>F\u00fcr die Concordia Neidenstein 1862 e.V.( im Folgenden aus Gr\u00fcnden der besseren Lesbarkeit \u201eConcordia\u201c genannt) ist Datenschutz nicht nur ein gesetzliches Erfordernis, sondern Ausdruck des ehrlichen und fairen Verhaltens gegen\u00fcber Mitgliedern und Interessierten. Daher ist es uns wichtig die Pers\u00f6nlichkeitsrechte aller auf und von dieser Web-Site betroffenen und interessierten angemessen zu sch\u00fctzen. Soweit es einem e.V. zumutbar und wirtschaftlich m\u00f6glich ist, verhalten wir uns im Sinne der <strong>Datenschutz-Grundverordnung der Europ\u00e4ischen Union (EU-DSGVO).<\/strong><\/p>\n\n\n\n<p>Wir m\u00f6chten Sie im Folgenden dar\u00fcber informieren, wie Ihre personenbezogenen Daten bei uns verarbeitet werden.<\/p>\n\n\n\n<p>Personenbezogene Daten (manchmal auch personenbeziehbare Daten genannt) sind Daten, welche die Bestimmung einer Person grunds\u00e4tzlich erm\u00f6glichen. Dabei kommt es nicht darauf an, ob die Bestimmung aufgrund einer einzelnen Information gewonnen werden kann, dies wird selten der Fall sein. Je mehr Informationen und Daten jedoch zusammengef\u00fchrt werden k\u00f6nnen, desto genauer ist die Person bestimmbar. Zu den personenbezogenen Daten geh\u00f6ren insbesondere der Name, die Anschrift, das Alter, die E-Mail-Adresse und die Telefonnummer einer Person, aber auch eine IP-Adresse. Da wir ein kleiner aber hoffentlich wachsender Verein sind, haben wir au\u00dfer dieser \u201eWEB-Site\u201c und einigen Office Produkten <strong>KEINERLEI<\/strong> Datenverarbeitungssystem im Einsatz, daher werden wir auch nahezu keine Daten wirklich maschinell verarbeiten, falls doch\u2026halten wir uns nat\u00fcrlich an die Gesetze.<\/p>\n\n\n\n<p>Unsere Homepage wird von uns selbst gehostet.<\/p>\n\n\n\n<h1 class=\"wp-block-heading\">1&nbsp; &nbsp; &nbsp; &nbsp;Verantwortliche<\/h1>\n\n\n\n<p>Die Verantwortlichen f\u00fcr diese Internetseiten im Sinne des Presserechtes sind der \/ die erste und zweite Vorst\u00e4ndin der \u201eConcordia\u201c. Die gew\u00e4hlten Vertreter\/Innen findet Ihr hier (Link zu Liste 1 und 2. Vorstand) Diese sind auch Ihre Ansprechpartner zu Datenschutzfragen.<\/p>\n\n\n\n<p>EMail Adresse<\/p>\n\n\n\n<h1 class=\"wp-block-heading\">2 Beitr\u00e4ge \/ Posts \/ Bilder<\/h1>\n\n\n\n<p><br>Ein Chor lebt von und mit seinen Mitgliedern und F\u00f6rderern.<br>Bilder fangen unser VEREINSLEBEN ein, andere daran teilhaben zu lassen ist Sinn und Zweck dieser WEB-Site.<br>Jeder \/ jede der\/die nicht m\u00f6chte, dass sein Bild auf unserer Vereinsseite ver\u00f6ffentlicht wird, hat die Pflicht dies vor oder zeitnah nach der \u201eFoto Session\u201c zu melden (Eigenverantwortungsprinzip). Sofern kein Veto vorliegt, gehen wir von einer Zustimmung der Nutzung zu \u201ewerblichen und vereinsdienlichen bzw. f\u00f6rdererdienlichen Zwecken\u201c aus.<br>Wenn Sie \/ Ihr auf dieser Seite \u201ePosts\u201c versenden wollt, beachtet bitte folgende Spielregeln:<br>(1) Nutzer d\u00fcrfen keine Beitr\u00e4ge ver\u00f6ffentlichen, die gegen diese Spielregeln oder die Vereinssatzung, gegen die guten Sitten oder gegen geltendes deutsches und internationales Recht versto\u00dfen.<br>Insbesondere sind folgende Handlungen verboten:<br>a) Inhalte zu ver\u00f6ffentlichen, die unwahr sind und deren Ver\u00f6ffentlichung einen Straftatbestand<br>oder eine Ordnungswidrigkeit erf\u00fcllt,<br>b) Versendung von Spam \u00fcber diese Site an andere innerhalb oder au\u00dferhalb unserer Vereins<br>c) Verwendung von gesetzlich, durch Urheber- und Markenrecht, gesch\u00fctzten Inhalten ohne<br>rechtm\u00e4\u00dfige Berechtigung,<br>d) Handlungen, die wettbewerbswidrig sind,<br>e) Mehrfache Einstellung von gleichen Inhalten (sogenannte Doppelpostings),<br>f) Eigene Werbung, folglich Schleichwerbung, zu betreiben und<br>g) Inhalte zu ver\u00f6ffentlichen, die beleidigend, rassistisch, diskriminierend oder pornographische<br>Elemente aufweisen gegen\u00fcber anderen Nutzern und der Allgemeinheit.<br>Der \/ die Nutzer\/In ist verpflichtet die o.g. Verbote zu beachten und vor der Ver\u00f6ffentlichung eines Beitrages in auf unserer Site diesen darauf hin zu \u00fcberpr\u00fcfen (Eigenverantwortungsprinzip).<br>(2) Sollte der \/ die Nutzer\/In gegen diese Spielregeln versto\u00dfen, behalten wir uns das Recht vor, gegen den \/ die Nutzer\/In folgende Schritte einzuleiten:<br>a) Die eingestellten Beitr\u00e4ge zu l\u00f6schen und diese abzu\u00e4ndern,<br>b) Verbot weiterhin Beitr\u00e4ge zu verfassen und<br>c) Sperrung des Zugangs als Nutzer unserer Web-Site<br>(3) Haben Nutzer \/ Nutzerinnen unserer Web-Site nicht diese Nutzungsbedingungen beachtet und sind hierdurch m\u00f6gliche Rechtsverst\u00f6\u00dfe entstanden, die durch die eingestellten Inhalte entstanden sind (Pflichtverletzung), verpflichtet sich der Nutzer, die \u201eConcordia\u201c von jeglichen Anspr\u00fcchen, insbesondere Schadenersatzanspr\u00fcchen, freizustellen und s\u00e4mtliche daraus resultierende Kosten zu ersetzen. Insbesondere ist der Nutzer verpflichtet die Concordia hinsichtlich der Abwehr des durch ihn entstandenen Rechtsversto\u00dfes (Pflichtverletzung s.o.) zu unterst\u00fctzen und die Kosten einer angemessenen Rechtsverteidigung zu tragen.<br>(4) Durch die Nutzung der Web-Site stimmen Sie \/ Ihr diesen Spielregeln zu. Durch Ihr \/ Eure Nutzung sichert Ihr \/ Sie Euer \/ Ihr Einverst\u00e4ndnis zu, dass Sie\/ Ihr keine Beitr\u00e4ge erstellen werden, die gegen diese Spielregeln versto\u00dfen. Entsprechendes gilt auch f\u00fcr das Setzen von externen Links und Signaturen.<br>(7) Bei einem Versto\u00df gegen die Spielregeln oder sonstigem Missbrauch ist die \u201eConcordia\u201c berechtigt, den Zugang des \/der Nutzers\/ In zu sperren. Weitere rechtliche Schritte sind ausdr\u00fccklich vorbehalten.<\/p>\n\n\n\n<h2 class=\"wp-block-heading\">3 Haftungsausschluss<\/h2>\n\n\n\n<p><br>Die \u201eConcordia\u201c \u00fcbernimmt keinerlei Gew\u00e4hr, f\u00fcr die eingestellten Artikel, Themen, Links und deren daraus resultierenden Inhalte, insbesondere nicht f\u00fcr deren Richtigkeit, Vollst\u00e4ndigkeit und Aktualit\u00e4t. Die \u201eConcordia\u201c ist nicht verpflichtet die hier geteilten Beitr\u00e4ge permanent zu \u00fcberwachen oder zu erforschen ob diese auf einen rechtswidrigen Inhalt hinweisen.<\/p>\n\n\n\n<p>Gezeichnet die Vorst\u00e4nde \/ Innen der Concordia im M\u00e4rz 2023<\/p>\n","protected":false},"excerpt":{"rendered":"<p>Datenschutzerkl\u00e4rung der Concordia Neidenstein 1862 e.V. Wir freuen uns \u00fcber Ihren \/ Euren Besuch auf unserer Internetseite und \u00fcber Ihr \/ Euer Interesse an unserem Verein. Damit wir alle daran Spa\u00df haben, strebt die Vorstandschaft einen rechtskonformen Ansatz an, der nur wirksam wir wenn sich alle Nutzer dieser Wen Site an Spielregeln halten. F\u00fcr die &hellip; <\/p>\n<p class=\"link-more\"><a href=\"https:\/\/modern-voices.de\/index.php\/datenschutzerklaerung\/\" class=\"more-link\"><span class=\"screen-reader-text\">\u201eDatenschutzerkl\u00e4rung\u201c<\/span> weiterlesen<\/a><\/p>\n","protected":false},"author":1,"featured_media":0,"parent":0,"menu_order":0,"comment_status":"closed","ping_status":"open","template":"","meta":{"footnotes":""},"_links":{"self":[{"href":"https:\/\/modern-voices.de\/index.php\/wp-json\/wp\/v2\/pages\/3"}],"collection":[{"href":"https:\/\/modern-voices.de\/index.php\/wp-json\/wp\/v2\/pages"}],"about":[{"href":"https:\/\/modern-voices.de\/index.php\/wp-json\/wp\/v2\/types\/page"}],"author":[{"embeddable":true,"href":"https:\/\/modern-voices.de\/index.php\/wp-json\/wp\/v2\/users\/1"}],"replies":[{"embeddable":true,"href":"https:\/\/modern-voices.de\/index.php\/wp-json\/wp\/v2\/comments?post=3"}],"version-history":[{"count":5,"href":"https:\/\/modern-voices.de\/index.php\/wp-json\/wp\/v2\/pages\/3\/revisions"}],"predecessor-version":[{"id":258,"href":"https:\/\/modern-voices.de\/index.php\/wp-json\/wp\/v2\/pages\/3\/revisions\/258"}],"wp:attachment":[{"href":"https:\/\/modern-voices.de\/index.php\/wp-json\/wp\/v2\/media?parent=3"}],"curies":[{"name":"wp","href":"https:\/\/api.w.org\/{rel}","templated":true}]}}