{"id":15,"date":"2022-01-03T15:54:55","date_gmt":"2022-01-03T14:54:55","guid":{"rendered":"http:\/\/movo.sebastianplatz.de\/?page_id=15"},"modified":"2023-11-08T22:25:30","modified_gmt":"2023-11-08T21:25:30","slug":"ueber-uns","status":"publish","type":"page","link":"https:\/\/modern-voices.de\/index.php\/ueber-uns\/","title":{"rendered":"Chorproben"},"content":{"rendered":"\n<p>Unsere Chorproben finden mittwochs um 19:30 Uhr  im B\u00fcrgersaal der Von Venningen Halle statt. Wir proben in der Regel bis 21:00 Uhr.<\/p>\n\n\n\n<p>Interessierte S\u00e4nger und S\u00e4ngerinnen sind jederzeit und ohne Voranmeldung zu den Proben herzlich eingeladen. Sollten Sie Interesse haben, aber Lampenfieber vor dem ersten Schritt: melden Sie sich gerne bei Jessica Platz (07263\/400600).  Wir planen dann zusammen einen ersten Probebesuch , kl\u00e4ren Fragen wie &#8222;Welche Stimme singe ich denn&#8220;, &#8222;Ich wei\u00df gar nicht ob ich das \u00fcberhaupt kann&#8220; oder &#8222;wie l\u00e4uft so eine Chorprobe \u00fcberhaupt ab&#8220;   Wir Alle haben uns diese Fragen gestellt und waren unsicher. Wir leisten sehr gerne Starthilfe! Let&#8217;s go!  Am Anfang braucht man Mut damit man am Ende gl\u00fccklich ist! <\/p>\n\n\n\n<p>Um unsere Gemeinschaft zu pflegen, treffen wir uns nicht immer- aber regelm\u00e4\u00dfig im &#8222;H\u00e4usel&#8220;. Hier entstehen tolle Gespr\u00e4che und es gibt immer viel zum Lachen. Unser kleiner Chor ist eine tolle Truppe! <\/p>\n\n\n\n<figure class=\"wp-block-gallery has-nested-images columns-default is-cropped wp-block-gallery-1 is-layout-flex wp-block-gallery-is-layout-flex\">\n<figure class=\"wp-block-image size-large\"><img loading=\"lazy\" decoding=\"async\" width=\"1024\" height=\"1024\" data-id=\"208\" src=\"http:\/\/movo.sebastianplatz.de\/wp-content\/uploads\/2023\/11\/image00012-1-1024x1024.jpeg\" alt=\"\" class=\"wp-image-208\" srcset=\"https:\/\/modern-voices.de\/wp-content\/uploads\/2023\/11\/image00012-1-1024x1024.jpeg 1024w, https:\/\/modern-voices.de\/wp-content\/uploads\/2023\/11\/image00012-1-300x300.jpeg 300w, https:\/\/modern-voices.de\/wp-content\/uploads\/2023\/11\/image00012-1-150x150.jpeg 150w, https:\/\/modern-voices.de\/wp-content\/uploads\/2023\/11\/image00012-1-768x768.jpeg 768w, https:\/\/modern-voices.de\/wp-content\/uploads\/2023\/11\/image00012-1-100x100.jpeg 100w, https:\/\/modern-voices.de\/wp-content\/uploads\/2023\/11\/image00012-1.jpeg 1496w\" sizes=\"(max-width: 767px) 89vw, (max-width: 1000px) 54vw, (max-width: 1071px) 543px, 580px\" \/><\/figure>\n\n\n\n<figure class=\"wp-block-image size-large\"><img loading=\"lazy\" decoding=\"async\" width=\"1024\" height=\"1024\" data-id=\"211\" src=\"http:\/\/movo.sebastianplatz.de\/wp-content\/uploads\/2023\/11\/image00011-1-1024x1024.jpeg\" alt=\"\" class=\"wp-image-211\" srcset=\"https:\/\/modern-voices.de\/wp-content\/uploads\/2023\/11\/image00011-1-1024x1024.jpeg 1024w, https:\/\/modern-voices.de\/wp-content\/uploads\/2023\/11\/image00011-1-300x300.jpeg 300w, https:\/\/modern-voices.de\/wp-content\/uploads\/2023\/11\/image00011-1-150x150.jpeg 150w, https:\/\/modern-voices.de\/wp-content\/uploads\/2023\/11\/image00011-1-768x768.jpeg 768w, https:\/\/modern-voices.de\/wp-content\/uploads\/2023\/11\/image00011-1-100x100.jpeg 100w, https:\/\/modern-voices.de\/wp-content\/uploads\/2023\/11\/image00011-1.jpeg 1496w\" sizes=\"(max-width: 767px) 89vw, (max-width: 1000px) 54vw, (max-width: 1071px) 543px, 580px\" \/><\/figure>\n\n\n\n<figure class=\"wp-block-image size-large\"><img loading=\"lazy\" decoding=\"async\" width=\"1024\" height=\"1024\" data-id=\"212\" src=\"http:\/\/movo.sebastianplatz.de\/wp-content\/uploads\/2023\/11\/image00010-1-1024x1024.jpeg\" alt=\"\" class=\"wp-image-212\" srcset=\"https:\/\/modern-voices.de\/wp-content\/uploads\/2023\/11\/image00010-1-1024x1024.jpeg 1024w, https:\/\/modern-voices.de\/wp-content\/uploads\/2023\/11\/image00010-1-300x300.jpeg 300w, https:\/\/modern-voices.de\/wp-content\/uploads\/2023\/11\/image00010-1-150x150.jpeg 150w, https:\/\/modern-voices.de\/wp-content\/uploads\/2023\/11\/image00010-1-768x768.jpeg 768w, https:\/\/modern-voices.de\/wp-content\/uploads\/2023\/11\/image00010-1-100x100.jpeg 100w, https:\/\/modern-voices.de\/wp-content\/uploads\/2023\/11\/image00010-1.jpeg 1496w\" sizes=\"(max-width: 767px) 89vw, (max-width: 1000px) 54vw, (max-width: 1071px) 543px, 580px\" \/><\/figure>\n\n\n\n<figure class=\"wp-block-image size-large\"><img loading=\"lazy\" decoding=\"async\" width=\"1024\" height=\"1024\" data-id=\"213\" src=\"http:\/\/movo.sebastianplatz.de\/wp-content\/uploads\/2023\/11\/image00007-1-1024x1024.jpeg\" alt=\"\" class=\"wp-image-213\" srcset=\"https:\/\/modern-voices.de\/wp-content\/uploads\/2023\/11\/image00007-1-1024x1024.jpeg 1024w, https:\/\/modern-voices.de\/wp-content\/uploads\/2023\/11\/image00007-1-300x300.jpeg 300w, https:\/\/modern-voices.de\/wp-content\/uploads\/2023\/11\/image00007-1-150x150.jpeg 150w, https:\/\/modern-voices.de\/wp-content\/uploads\/2023\/11\/image00007-1-768x768.jpeg 768w, https:\/\/modern-voices.de\/wp-content\/uploads\/2023\/11\/image00007-1-100x100.jpeg 100w, https:\/\/modern-voices.de\/wp-content\/uploads\/2023\/11\/image00007-1.jpeg 1496w\" sizes=\"(max-width: 767px) 89vw, (max-width: 1000px) 54vw, (max-width: 1071px) 543px, 580px\" \/><\/figure>\n\n\n\n<figure class=\"wp-block-image size-large\"><img loading=\"lazy\" decoding=\"async\" width=\"1024\" height=\"612\" data-id=\"214\" src=\"http:\/\/movo.sebastianplatz.de\/wp-content\/uploads\/2023\/11\/image00006-2-1024x612.jpeg\" alt=\"\" class=\"wp-image-214\" srcset=\"https:\/\/modern-voices.de\/wp-content\/uploads\/2023\/11\/image00006-2-1024x612.jpeg 1024w, https:\/\/modern-voices.de\/wp-content\/uploads\/2023\/11\/image00006-2-300x179.jpeg 300w, https:\/\/modern-voices.de\/wp-content\/uploads\/2023\/11\/image00006-2-768x459.jpeg 768w, https:\/\/modern-voices.de\/wp-content\/uploads\/2023\/11\/image00006-2-1536x918.jpeg 1536w, https:\/\/modern-voices.de\/wp-content\/uploads\/2023\/11\/image00006-2.jpeg 1600w\" sizes=\"(max-width: 767px) 89vw, (max-width: 1000px) 54vw, (max-width: 1071px) 543px, 580px\" \/><\/figure>\n\n\n\n<figure class=\"wp-block-image size-large\"><img loading=\"lazy\" decoding=\"async\" width=\"1024\" height=\"1024\" data-id=\"210\" src=\"http:\/\/movo.sebastianplatz.de\/wp-content\/uploads\/2023\/11\/image00009-1-1024x1024.jpeg\" alt=\"\" class=\"wp-image-210\" srcset=\"https:\/\/modern-voices.de\/wp-content\/uploads\/2023\/11\/image00009-1-1024x1024.jpeg 1024w, https:\/\/modern-voices.de\/wp-content\/uploads\/2023\/11\/image00009-1-300x300.jpeg 300w, https:\/\/modern-voices.de\/wp-content\/uploads\/2023\/11\/image00009-1-150x150.jpeg 150w, https:\/\/modern-voices.de\/wp-content\/uploads\/2023\/11\/image00009-1-768x768.jpeg 768w, https:\/\/modern-voices.de\/wp-content\/uploads\/2023\/11\/image00009-1-100x100.jpeg 100w, https:\/\/modern-voices.de\/wp-content\/uploads\/2023\/11\/image00009-1.jpeg 1496w\" sizes=\"(max-width: 767px) 89vw, (max-width: 1000px) 54vw, (max-width: 1071px) 543px, 580px\" \/><\/figure>\n\n\n\n<figure class=\"wp-block-image size-large\"><img loading=\"lazy\" decoding=\"async\" width=\"1024\" height=\"1024\" data-id=\"217\" src=\"http:\/\/movo.sebastianplatz.de\/wp-content\/uploads\/2023\/11\/image00005-2-1024x1024.jpeg\" alt=\"\" class=\"wp-image-217\" srcset=\"https:\/\/modern-voices.de\/wp-content\/uploads\/2023\/11\/image00005-2-1024x1024.jpeg 1024w, https:\/\/modern-voices.de\/wp-content\/uploads\/2023\/11\/image00005-2-300x300.jpeg 300w, https:\/\/modern-voices.de\/wp-content\/uploads\/2023\/11\/image00005-2-150x150.jpeg 150w, https:\/\/modern-voices.de\/wp-content\/uploads\/2023\/11\/image00005-2-768x768.jpeg 768w, https:\/\/modern-voices.de\/wp-content\/uploads\/2023\/11\/image00005-2-100x100.jpeg 100w, https:\/\/modern-voices.de\/wp-content\/uploads\/2023\/11\/image00005-2.jpeg 1496w\" sizes=\"(max-width: 767px) 89vw, (max-width: 1000px) 54vw, (max-width: 1071px) 543px, 580px\" \/><\/figure>\n\n\n\n<figure class=\"wp-block-image size-large\"><img loading=\"lazy\" decoding=\"async\" width=\"1024\" height=\"1024\" data-id=\"234\" src=\"https:\/\/modern-voices.de\/wp-content\/uploads\/2023\/11\/image00004-3-1024x1024.jpeg\" alt=\"\" class=\"wp-image-234\" srcset=\"https:\/\/modern-voices.de\/wp-content\/uploads\/2023\/11\/image00004-3-1024x1024.jpeg 1024w, https:\/\/modern-voices.de\/wp-content\/uploads\/2023\/11\/image00004-3-300x300.jpeg 300w, https:\/\/modern-voices.de\/wp-content\/uploads\/2023\/11\/image00004-3-150x150.jpeg 150w, https:\/\/modern-voices.de\/wp-content\/uploads\/2023\/11\/image00004-3-768x768.jpeg 768w, https:\/\/modern-voices.de\/wp-content\/uploads\/2023\/11\/image00004-3-100x100.jpeg 100w, https:\/\/modern-voices.de\/wp-content\/uploads\/2023\/11\/image00004-3.jpeg 1496w\" sizes=\"(max-width: 767px) 89vw, (max-width: 1000px) 54vw, (max-width: 1071px) 543px, 580px\" \/><\/figure>\n\n\n\n<figure class=\"wp-block-image size-large\"><img loading=\"lazy\" decoding=\"async\" width=\"1024\" height=\"1024\" data-id=\"216\" src=\"http:\/\/movo.sebastianplatz.de\/wp-content\/uploads\/2023\/11\/image00003-3-1024x1024.jpeg\" alt=\"\" class=\"wp-image-216\" srcset=\"https:\/\/modern-voices.de\/wp-content\/uploads\/2023\/11\/image00003-3-1024x1024.jpeg 1024w, https:\/\/modern-voices.de\/wp-content\/uploads\/2023\/11\/image00003-3-300x300.jpeg 300w, https:\/\/modern-voices.de\/wp-content\/uploads\/2023\/11\/image00003-3-150x150.jpeg 150w, https:\/\/modern-voices.de\/wp-content\/uploads\/2023\/11\/image00003-3-768x768.jpeg 768w, https:\/\/modern-voices.de\/wp-content\/uploads\/2023\/11\/image00003-3-100x100.jpeg 100w, https:\/\/modern-voices.de\/wp-content\/uploads\/2023\/11\/image00003-3.jpeg 1496w\" sizes=\"(max-width: 767px) 89vw, (max-width: 1000px) 54vw, (max-width: 1071px) 543px, 580px\" \/><\/figure>\n<\/figure>\n","protected":false},"excerpt":{"rendered":"<p>Unsere Chorproben finden mittwochs um 19:30 Uhr im B\u00fcrgersaal der Von Venningen Halle statt. Wir proben in der Regel bis 21:00 Uhr. Interessierte S\u00e4nger und S\u00e4ngerinnen sind jederzeit und ohne Voranmeldung zu den Proben herzlich eingeladen. Sollten Sie Interesse haben, aber Lampenfieber vor dem ersten Schritt: melden Sie sich gerne bei Jessica Platz (07263\/400600). Wir &hellip; <\/p>\n<p class=\"link-more\"><a href=\"https:\/\/modern-voices.de\/index.php\/ueber-uns\/\" class=\"more-link\"><span class=\"screen-reader-text\">\u201eChorproben\u201c<\/span> weiterlesen<\/a><\/p>\n","protected":false},"author":1,"featured_media":118,"parent":0,"menu_order":0,"comment_status":"closed","ping_status":"closed","template":"","meta":{"footnotes":""},"_links":{"self":[{"href":"https:\/\/modern-voices.de\/index.php\/wp-json\/wp\/v2\/pages\/15"}],"collection":[{"href":"https:\/\/modern-voices.de\/index.php\/wp-json\/wp\/v2\/pages"}],"about":[{"href":"https:\/\/modern-voices.de\/index.php\/wp-json\/wp\/v2\/types\/page"}],"author":[{"embeddable":true,"href":"https:\/\/modern-voices.de\/index.php\/wp-json\/wp\/v2\/users\/1"}],"replies":[{"embeddable":true,"href":"https:\/\/modern-voices.de\/index.php\/wp-json\/wp\/v2\/comments?post=15"}],"version-history":[{"count":9,"href":"https:\/\/modern-voices.de\/index.php\/wp-json\/wp\/v2\/pages\/15\/revisions"}],"predecessor-version":[{"id":244,"href":"https:\/\/modern-voices.de\/index.php\/wp-json\/wp\/v2\/pages\/15\/revisions\/244"}],"wp:featuredmedia":[{"embeddable":true,"href":"https:\/\/modern-voices.de\/index.php\/wp-json\/wp\/v2\/media\/118"}],"wp:attachment":[{"href":"https:\/\/modern-voices.de\/index.php\/wp-json\/wp\/v2\/media?parent=15"}],"curies":[{"name":"wp","href":"https:\/\/api.w.org\/{rel}","templated":true}]}}