{"id":146,"date":"2023-03-28T22:26:10","date_gmt":"2023-03-28T20:26:10","guid":{"rendered":"http:\/\/movo.sebastianplatz.de\/?page_id=146"},"modified":"2023-11-08T22:50:30","modified_gmt":"2023-11-08T21:50:30","slug":"unser-vereinsheim","status":"publish","type":"page","link":"https:\/\/modern-voices.de\/index.php\/unser-vereinsheim\/","title":{"rendered":"Unser Vereinsheim"},"content":{"rendered":"\n<h3 class=\"wp-block-heading\"><strong>Unser Vereinsheim, \u201edas H\u00e4usel\u201c , liegt am Ortsrand von Neidenstein idyllisch am Bach und bietet Raum f\u00fcr geselliges Beisammensein und wichtige Gespr\u00e4che.<\/strong><\/h3>\n\n\n\n<p>Hier trifft sich der Chor nach den Singstunden hin und wieder zum Austauschen und zur Gemeinschaftspflege.\u00a0Auch saisonale Anl\u00e4sse wie das Altortfest oder das Gassenfest werden im H\u00e4usel gefeiert.\u00a0<\/p>\n\n\n\n<p>F\u00fcr private Feiern kann das H\u00e4usel gemietet werden- auch ortsans\u00e4ssige Vereine nutzen die R\u00e4umlichkeiten gerne.&nbsp;Zum Feiern finden hier 40-50 Personen Platz. Wir sind mit umfassendem Interieur ausgestattet, auch eine K\u00fcche geh\u00f6rt zur Anmietung.&nbsp;<\/p>\n\n\n\n<p>Nutzen Sie unser Angebot und planen Sie unser \u201eH\u00e4usel\u201c als Location, wenn Ihr Wohnzimmer f\u00fcr die eingeladenen G\u00e4ste mal nicht ausreichen sollte. Wir freuen uns und stehen f\u00fcr Fragen jederzeit zur Verf\u00fcgung.&nbsp;<\/p>\n\n\n\n<figure class=\"wp-block-gallery has-nested-images columns-default is-cropped wp-block-gallery-1 is-layout-flex wp-block-gallery-is-layout-flex\">\n<figure class=\"wp-block-image size-large\"><img loading=\"lazy\" decoding=\"async\" width=\"1024\" height=\"768\" data-id=\"162\" src=\"http:\/\/movo.sebastianplatz.de\/wp-content\/uploads\/2023\/09\/IMG_7111-1024x768.jpg\" alt=\"\" class=\"wp-image-162\" srcset=\"https:\/\/modern-voices.de\/wp-content\/uploads\/2023\/09\/IMG_7111-1024x768.jpg 1024w, https:\/\/modern-voices.de\/wp-content\/uploads\/2023\/09\/IMG_7111-300x225.jpg 300w, https:\/\/modern-voices.de\/wp-content\/uploads\/2023\/09\/IMG_7111-768x576.jpg 768w, https:\/\/modern-voices.de\/wp-content\/uploads\/2023\/09\/IMG_7111-1536x1152.jpg 1536w, https:\/\/modern-voices.de\/wp-content\/uploads\/2023\/09\/IMG_7111-2048x1536.jpg 2048w\" sizes=\"(max-width: 767px) 89vw, (max-width: 1000px) 54vw, (max-width: 1071px) 543px, 580px\" \/><\/figure>\n\n\n\n<figure class=\"wp-block-image size-large\"><img loading=\"lazy\" decoding=\"async\" width=\"1024\" height=\"768\" data-id=\"160\" src=\"http:\/\/movo.sebastianplatz.de\/wp-content\/uploads\/2023\/09\/IMG_7113-1024x768.jpg\" alt=\"\" class=\"wp-image-160\" srcset=\"https:\/\/modern-voices.de\/wp-content\/uploads\/2023\/09\/IMG_7113-1024x768.jpg 1024w, https:\/\/modern-voices.de\/wp-content\/uploads\/2023\/09\/IMG_7113-300x225.jpg 300w, https:\/\/modern-voices.de\/wp-content\/uploads\/2023\/09\/IMG_7113-768x576.jpg 768w, https:\/\/modern-voices.de\/wp-content\/uploads\/2023\/09\/IMG_7113-1536x1152.jpg 1536w, https:\/\/modern-voices.de\/wp-content\/uploads\/2023\/09\/IMG_7113-2048x1536.jpg 2048w\" sizes=\"(max-width: 767px) 89vw, (max-width: 1000px) 54vw, (max-width: 1071px) 543px, 580px\" \/><\/figure>\n\n\n\n<figure class=\"wp-block-image size-large\"><img loading=\"lazy\" decoding=\"async\" width=\"1024\" height=\"768\" data-id=\"163\" src=\"http:\/\/movo.sebastianplatz.de\/wp-content\/uploads\/2023\/09\/IMG_7115-1024x768.jpg\" alt=\"\" class=\"wp-image-163\" srcset=\"https:\/\/modern-voices.de\/wp-content\/uploads\/2023\/09\/IMG_7115-1024x768.jpg 1024w, https:\/\/modern-voices.de\/wp-content\/uploads\/2023\/09\/IMG_7115-300x225.jpg 300w, https:\/\/modern-voices.de\/wp-content\/uploads\/2023\/09\/IMG_7115-768x576.jpg 768w, https:\/\/modern-voices.de\/wp-content\/uploads\/2023\/09\/IMG_7115-1536x1152.jpg 1536w, https:\/\/modern-voices.de\/wp-content\/uploads\/2023\/09\/IMG_7115-2048x1536.jpg 2048w\" sizes=\"(max-width: 767px) 89vw, (max-width: 1000px) 54vw, (max-width: 1071px) 543px, 580px\" \/><\/figure>\n\n\n\n<figure class=\"wp-block-image size-large\"><img loading=\"lazy\" decoding=\"async\" width=\"768\" height=\"1024\" data-id=\"161\" src=\"http:\/\/movo.sebastianplatz.de\/wp-content\/uploads\/2023\/09\/IMG_7121-768x1024.jpg\" alt=\"\" class=\"wp-image-161\" srcset=\"https:\/\/modern-voices.de\/wp-content\/uploads\/2023\/09\/IMG_7121-768x1024.jpg 768w, https:\/\/modern-voices.de\/wp-content\/uploads\/2023\/09\/IMG_7121-225x300.jpg 225w, https:\/\/modern-voices.de\/wp-content\/uploads\/2023\/09\/IMG_7121-1152x1536.jpg 1152w, https:\/\/modern-voices.de\/wp-content\/uploads\/2023\/09\/IMG_7121-1536x2048.jpg 1536w, https:\/\/modern-voices.de\/wp-content\/uploads\/2023\/09\/IMG_7121-scaled.jpg 1920w\" sizes=\"(max-width: 767px) 89vw, (max-width: 1000px) 54vw, (max-width: 1071px) 543px, 580px\" \/><\/figure>\n\n\n\n<figure class=\"wp-block-image size-large\"><img loading=\"lazy\" decoding=\"async\" width=\"1024\" height=\"768\" data-id=\"164\" src=\"http:\/\/movo.sebastianplatz.de\/wp-content\/uploads\/2023\/09\/IMG_7126-1024x768.jpg\" alt=\"\" class=\"wp-image-164\" srcset=\"https:\/\/modern-voices.de\/wp-content\/uploads\/2023\/09\/IMG_7126-1024x768.jpg 1024w, https:\/\/modern-voices.de\/wp-content\/uploads\/2023\/09\/IMG_7126-300x225.jpg 300w, https:\/\/modern-voices.de\/wp-content\/uploads\/2023\/09\/IMG_7126-768x576.jpg 768w, https:\/\/modern-voices.de\/wp-content\/uploads\/2023\/09\/IMG_7126-1536x1152.jpg 1536w, https:\/\/modern-voices.de\/wp-content\/uploads\/2023\/09\/IMG_7126-2048x1536.jpg 2048w\" sizes=\"(max-width: 767px) 89vw, (max-width: 1000px) 54vw, (max-width: 1071px) 543px, 580px\" \/><\/figure>\n\n\n\n<figure class=\"wp-block-image size-large\"><img loading=\"lazy\" decoding=\"async\" width=\"768\" height=\"1024\" data-id=\"165\" src=\"http:\/\/movo.sebastianplatz.de\/wp-content\/uploads\/2023\/09\/IMG_7132-768x1024.jpg\" alt=\"\" class=\"wp-image-165\" srcset=\"https:\/\/modern-voices.de\/wp-content\/uploads\/2023\/09\/IMG_7132-768x1024.jpg 768w, https:\/\/modern-voices.de\/wp-content\/uploads\/2023\/09\/IMG_7132-225x300.jpg 225w, https:\/\/modern-voices.de\/wp-content\/uploads\/2023\/09\/IMG_7132-1152x1536.jpg 1152w, https:\/\/modern-voices.de\/wp-content\/uploads\/2023\/09\/IMG_7132-1536x2048.jpg 1536w, https:\/\/modern-voices.de\/wp-content\/uploads\/2023\/09\/IMG_7132-scaled.jpg 1920w\" sizes=\"(max-width: 767px) 89vw, (max-width: 1000px) 54vw, (max-width: 1071px) 543px, 580px\" \/><\/figure>\n\n\n\n<figure class=\"wp-block-image size-large\"><img loading=\"lazy\" decoding=\"async\" width=\"1024\" height=\"576\" data-id=\"167\" src=\"http:\/\/movo.sebastianplatz.de\/wp-content\/uploads\/2023\/09\/fbdee642-3bd5-4fc4-9736-415f1a06f247.jpg\" alt=\"\" class=\"wp-image-167\" srcset=\"https:\/\/modern-voices.de\/wp-content\/uploads\/2023\/09\/fbdee642-3bd5-4fc4-9736-415f1a06f247.jpg 1024w, https:\/\/modern-voices.de\/wp-content\/uploads\/2023\/09\/fbdee642-3bd5-4fc4-9736-415f1a06f247-300x169.jpg 300w, https:\/\/modern-voices.de\/wp-content\/uploads\/2023\/09\/fbdee642-3bd5-4fc4-9736-415f1a06f247-768x432.jpg 768w\" sizes=\"(max-width: 767px) 89vw, (max-width: 1000px) 54vw, (max-width: 1071px) 543px, 580px\" \/><figcaption class=\"wp-element-caption\">Beispieldeko einer privaten Feier<\/figcaption><\/figure>\n\n\n\n<figure class=\"wp-block-image size-large\"><img loading=\"lazy\" decoding=\"async\" width=\"1024\" height=\"1024\" data-id=\"166\" src=\"http:\/\/movo.sebastianplatz.de\/wp-content\/uploads\/2023\/09\/b894b737-5b69-4475-91db-62d8c3ca1b5c-1024x1024.jpg\" alt=\"\" class=\"wp-image-166\" srcset=\"https:\/\/modern-voices.de\/wp-content\/uploads\/2023\/09\/b894b737-5b69-4475-91db-62d8c3ca1b5c.jpg 1024w, https:\/\/modern-voices.de\/wp-content\/uploads\/2023\/09\/b894b737-5b69-4475-91db-62d8c3ca1b5c-300x300.jpg 300w, https:\/\/modern-voices.de\/wp-content\/uploads\/2023\/09\/b894b737-5b69-4475-91db-62d8c3ca1b5c-150x150.jpg 150w, https:\/\/modern-voices.de\/wp-content\/uploads\/2023\/09\/b894b737-5b69-4475-91db-62d8c3ca1b5c-768x768.jpg 768w, https:\/\/modern-voices.de\/wp-content\/uploads\/2023\/09\/b894b737-5b69-4475-91db-62d8c3ca1b5c-100x100.jpg 100w\" sizes=\"(max-width: 767px) 89vw, (max-width: 1000px) 54vw, (max-width: 1071px) 543px, 580px\" \/><figcaption class=\"wp-element-caption\">Beispieldeko einer privaten Feier<\/figcaption><\/figure>\n<\/figure>\n","protected":false},"excerpt":{"rendered":"<p>Unser Vereinsheim, \u201edas H\u00e4usel\u201c , liegt am Ortsrand von Neidenstein idyllisch am Bach und bietet Raum f\u00fcr geselliges Beisammensein und wichtige Gespr\u00e4che. Hier trifft sich der Chor nach den Singstunden hin und wieder zum Austauschen und zur Gemeinschaftspflege.\u00a0Auch saisonale Anl\u00e4sse wie das Altortfest oder das Gassenfest werden im H\u00e4usel gefeiert.\u00a0 F\u00fcr private Feiern kann das &hellip; <\/p>\n<p class=\"link-more\"><a href=\"https:\/\/modern-voices.de\/index.php\/unser-vereinsheim\/\" class=\"more-link\"><span class=\"screen-reader-text\">\u201eUnser Vereinsheim\u201c<\/span> weiterlesen<\/a><\/p>\n","protected":false},"author":1,"featured_media":0,"parent":0,"menu_order":0,"comment_status":"closed","ping_status":"closed","template":"","meta":{"footnotes":""},"_links":{"self":[{"href":"https:\/\/modern-voices.de\/index.php\/wp-json\/wp\/v2\/pages\/146"}],"collection":[{"href":"https:\/\/modern-voices.de\/index.php\/wp-json\/wp\/v2\/pages"}],"about":[{"href":"https:\/\/modern-voices.de\/index.php\/wp-json\/wp\/v2\/types\/page"}],"author":[{"embeddable":true,"href":"https:\/\/modern-voices.de\/index.php\/wp-json\/wp\/v2\/users\/1"}],"replies":[{"embeddable":true,"href":"https:\/\/modern-voices.de\/index.php\/wp-json\/wp\/v2\/comments?post=146"}],"version-history":[{"count":9,"href":"https:\/\/modern-voices.de\/index.php\/wp-json\/wp\/v2\/pages\/146\/revisions"}],"predecessor-version":[{"id":250,"href":"https:\/\/modern-voices.de\/index.php\/wp-json\/wp\/v2\/pages\/146\/revisions\/250"}],"wp:attachment":[{"href":"https:\/\/modern-voices.de\/index.php\/wp-json\/wp\/v2\/media?parent=146"}],"curies":[{"name":"wp","href":"https:\/\/api.w.org\/{rel}","templated":true}]}}