{"id":14,"date":"2022-01-03T15:54:55","date_gmt":"2022-01-03T14:54:55","guid":{"rendered":"http:\/\/movo.sebastianplatz.de\/?page_id=14"},"modified":"2026-04-01T18:06:07","modified_gmt":"2026-04-01T16:06:07","slug":"startseite","status":"publish","type":"page","link":"https:\/\/modern-voices.de\/","title":{"rendered":"Herzlich willkommen!"},"content":{"rendered":"\n<p class=\"has-medium-font-size\">Allein unter der Dusche singen \u2013 f\u00fcr uns keine Option!<\/p>\n\n\n\n<p>Wir, die modern voices Neidenstein, singen lieber in der Gemeinschaft unseres Chors.<\/p>\n\n\n\n<p>Dabei sind wir sehr vielseitig. Wir singen g\u00e4ngige Popmusik, Evergreen, Gospels in Englisch.<\/p>\n\n\n\n<p>Wir sind ein selbst\u00e4ndiger Chor, der dem Traditionsverein Concordia Neidenstein 1862 e.V. angeh\u00f6rt und der unseren jungen und junggebliebenen S\u00e4nger*innen Freude am Chorgesang vermittelt.<\/p>\n\n\n<div class=\"wp-block-image\">\n<figure class=\"aligncenter\"><img loading=\"lazy\" decoding=\"async\" width=\"1658\" height=\"2072\" src=\"https:\/\/modern-voices.de\/wp-content\/uploads\/2026\/04\/movos-Gruppe1-26.jpeg\" alt=\"\" class=\"wp-image-307\" srcset=\"https:\/\/modern-voices.de\/wp-content\/uploads\/2026\/04\/movos-Gruppe1-26.jpeg 1658w, https:\/\/modern-voices.de\/wp-content\/uploads\/2026\/04\/movos-Gruppe1-26-240x300.jpeg 240w, https:\/\/modern-voices.de\/wp-content\/uploads\/2026\/04\/movos-Gruppe1-26-819x1024.jpeg 819w, https:\/\/modern-voices.de\/wp-content\/uploads\/2026\/04\/movos-Gruppe1-26-768x960.jpeg 768w, https:\/\/modern-voices.de\/wp-content\/uploads\/2026\/04\/movos-Gruppe1-26-1229x1536.jpeg 1229w, https:\/\/modern-voices.de\/wp-content\/uploads\/2026\/04\/movos-Gruppe1-26-1639x2048.jpeg 1639w\" sizes=\"(max-width: 767px) 89vw, (max-width: 1000px) 54vw, (max-width: 1071px) 543px, 580px\" \/><\/figure><\/div>\n\n\n<p>Unsere Vielf\u00e4ltigkeit zeigten wir bei Konzerten mit und ohne die Concordia, bei Chorparties, Kritiksingen oder bei Auftritten bei befreundeten Ch\u00f6ren.<\/p>\n\n\n\n<p>Wir scheuen uns auch nicht gr\u00f6\u00dfere Projekte in Angriff zu nehmen, wie den <a href=\"https:\/\/freddie-mercury-tribute-choir.jimdofree.com\/\" target=\"_blank\" rel=\"noreferrer noopener\">Freddie-Mercury-Tribute-Choir<\/a>, den wir bei einem Auftritt der \u00d6ffentlichkeit pr\u00e4sentierten. Wir haben weitere Projekte durchgef\u00fchrt. Unser 80\/90er &#8211; Konzert mit anschlie\u00dfender Party 2024 war ein voller Erfolg. Seht Euch die Bilder an. Auch 2026 haben wir ein spannendes Projekt: Made in Germany &#8211; lauter Hits von deutschsprachigen Interpreten &#8230; sei gespannt &#8211; am 18. April 2026 steigt unser Konzert mit Party. Auch hier werden wir die Halle wieder zum Beben bringen. Eintrittskarten kriegt ihr bei jedem Chormitglied und an der Abendkasse.<\/p>\n\n\n\n<figure class=\"wp-block-image size-large\"><img loading=\"lazy\" decoding=\"async\" width=\"724\" height=\"1024\" src=\"https:\/\/modern-voices.de\/wp-content\/uploads\/2026\/04\/Movo-Plakat-Konzert-18.04.26-1-724x1024.jpeg\" alt=\"\" class=\"wp-image-310\" srcset=\"https:\/\/modern-voices.de\/wp-content\/uploads\/2026\/04\/Movo-Plakat-Konzert-18.04.26-1-724x1024.jpeg 724w, https:\/\/modern-voices.de\/wp-content\/uploads\/2026\/04\/Movo-Plakat-Konzert-18.04.26-1-212x300.jpeg 212w, https:\/\/modern-voices.de\/wp-content\/uploads\/2026\/04\/Movo-Plakat-Konzert-18.04.26-1-768x1086.jpeg 768w, https:\/\/modern-voices.de\/wp-content\/uploads\/2026\/04\/Movo-Plakat-Konzert-18.04.26-1-1086x1536.jpeg 1086w, https:\/\/modern-voices.de\/wp-content\/uploads\/2026\/04\/Movo-Plakat-Konzert-18.04.26-1.jpeg 1131w\" sizes=\"(max-width: 724px) 100vw, 724px\" \/><\/figure>\n\n\n\n<p>Apropos \u00d6ffentlichkeit. Wir sind nat\u00fcrlich auch in unserer Gemeinde Neidenstein aktiv. Bei allen Festivit\u00e4ten sind wir dabei.<\/p>\n\n\n\n<figure class=\"wp-block-image size-full\"><img loading=\"lazy\" decoding=\"async\" width=\"950\" height=\"532\" src=\"http:\/\/movo.sebastianplatz.de\/wp-content\/uploads\/2022\/06\/movo2.jpg\" alt=\"\" class=\"wp-image-77\" srcset=\"https:\/\/modern-voices.de\/wp-content\/uploads\/2022\/06\/movo2.jpg 950w, https:\/\/modern-voices.de\/wp-content\/uploads\/2022\/06\/movo2-300x168.jpg 300w, https:\/\/modern-voices.de\/wp-content\/uploads\/2022\/06\/movo2-768x430.jpg 768w\" sizes=\"(max-width: 767px) 89vw, (max-width: 1000px) 54vw, (max-width: 1071px) 543px, 580px\" \/><\/figure>\n\n\n\n<p>Unsere 35 S\u00e4nger*innen haben noch viele Pl\u00e4ne f\u00fcr die Zukunft. <\/p>\n\n\n\n<p>Wir freuen uns \u00fcber alle Interessierten &#8211; schaut mal bei uns vorbei. <\/p>\n\n\n\n<p><\/p>\n","protected":false},"excerpt":{"rendered":"<p>Allein unter der Dusche singen \u2013 f\u00fcr uns keine Option! Wir, die modern voices Neidenstein, singen lieber in der Gemeinschaft unseres Chors. Dabei sind wir sehr vielseitig. Wir singen g\u00e4ngige Popmusik, Evergreen, Gospels in Englisch. Wir sind ein selbst\u00e4ndiger Chor, der dem Traditionsverein Concordia Neidenstein 1862 e.V. angeh\u00f6rt und der unseren jungen und junggebliebenen S\u00e4nger*innen &hellip; <\/p>\n<p class=\"link-more\"><a href=\"https:\/\/modern-voices.de\/\" class=\"more-link\"><span class=\"screen-reader-text\">\u201eHerzlich willkommen!\u201c<\/span> weiterlesen<\/a><\/p>\n","protected":false},"author":1,"featured_media":0,"parent":0,"menu_order":0,"comment_status":"closed","ping_status":"closed","template":"","meta":{"footnotes":""},"_links":{"self":[{"href":"https:\/\/modern-voices.de\/index.php\/wp-json\/wp\/v2\/pages\/14"}],"collection":[{"href":"https:\/\/modern-voices.de\/index.php\/wp-json\/wp\/v2\/pages"}],"about":[{"href":"https:\/\/modern-voices.de\/index.php\/wp-json\/wp\/v2\/types\/page"}],"author":[{"embeddable":true,"href":"https:\/\/modern-voices.de\/index.php\/wp-json\/wp\/v2\/users\/1"}],"replies":[{"embeddable":true,"href":"https:\/\/modern-voices.de\/index.php\/wp-json\/wp\/v2\/comments?post=14"}],"version-history":[{"count":15,"href":"https:\/\/modern-voices.de\/index.php\/wp-json\/wp\/v2\/pages\/14\/revisions"}],"predecessor-version":[{"id":311,"href":"https:\/\/modern-voices.de\/index.php\/wp-json\/wp\/v2\/pages\/14\/revisions\/311"}],"wp:attachment":[{"href":"https:\/\/modern-voices.de\/index.php\/wp-json\/wp\/v2\/media?parent=14"}],"curies":[{"name":"wp","href":"https:\/\/api.w.org\/{rel}","templated":true}]}}